{"id":229,"date":"2017-05-05T01:03:29","date_gmt":"2017-05-05T01:03:29","guid":{"rendered":"https:\/\/victorthemes.com\/themes\/brixey\/?page_id=229"},"modified":"2026-03-03T10:21:39","modified_gmt":"2026-03-03T07:21:39","slug":"a-propos","status":"publish","type":"page","link":"https:\/\/firmarchi.com\/?page_id=229","title":{"rendered":"About Me"},"content":{"rendered":"<p>[vc_row][vc_column]\n          <div class=\"brxy-info-title style2 brxy-heading-6a0958fd2e15c \">\n          <div class=\"info-title \">Fara H. Rahoeliarivahy<\/div><div class=\" info-sub-title \">Architecte DPLG - Acousticien | Paris<br \/>\nPr\u00e9sidente de L'Ordre des Architectes Malagasy<br \/>\nMembre de l\u2019Ordre des Architectes Malagasy AOM121<br \/>\nMembre de l\u2019Ordre des Architectes Fran\u00e7ais, Ile de France 046691<br \/>\nMembre de Cobaty Iarivo<\/div><\/div>[\/vc_column][\/vc_row][vc_row][vc_column][vc_column_text]Passionn\u00e9e de l\u2019architecture et voyant le manque de b\u00e2timent architectural dans sa ville natale \u00e0 Antananarivo, FHR quitte son pays pour poursuivre ses \u00e9tudes sup\u00e9rieures \u00e0 l\u2019Ecole Nationale Sup\u00e9rieure d\u2019Architecture de Paris -Tolbiac.<\/p>\n<p>Elle obtient son dipl\u00f4me d\u2019architecture DPLG en 1995 puis ach\u00e8ve sa formation en se sp\u00e9cialisant en acoustique architecturale en 1996.<\/p>\n<p>Elle commence \u00e0 concevoir des projets en profession lib\u00e9ral en 2000 pour ensuite fonder son agence F&amp;A en d\u00e9butant avec une \u00e9quipe de 3 collaborateurs, dans une ville o\u00f9 le m\u00e9tier d\u2019architecte est quasi inconnu.[\/vc_column_text][\/vc_column][\/vc_row]<\/p>\n","protected":false},"excerpt":{"rendered":"[vc_row][vc_column][\/vc_column][\/vc_row][vc_row][vc_column][vc_column_text]Passionn\u00e9e de l\u2019architecture et voyant le manque de b\u00e2timent architectural dans sa ville natale \u00e0 Antananarivo, FHR quitte son pays pour poursuivre ses \u00e9tudes sup\u00e9rieures \u00e0 l\u2019Ecole Nationale Sup\u00e9rieure d\u2019Architecture de Paris -Tolbiac. Elle obtient son dipl\u00f4me d\u2019architecture DPLG en 1995 puis ach\u00e8ve sa formation en se sp\u00e9cialisant en acoustique architecturale en 1996. Elle commence&#8230;","protected":false},"author":1,"featured_media":0,"parent":0,"menu_order":0,"comment_status":"closed","ping_status":"closed","template":"about-me.php","meta":{"footnotes":""},"class_list":["post-229","page","type-page","status-publish","hentry"],"yoast_head":"<!-- This site is optimized with the Yoast SEO plugin v27.6 - https:\/\/yoast.com\/product\/yoast-seo-wordpress\/ -->\n<title>A PROPOS - FIRM &amp; ARCHITECTURE<\/title>\n<meta name=\"robots\" content=\"index, follow, max-snippet:-1, max-image-preview:large, max-video-preview:-1\" \/>\n<link rel=\"canonical\" href=\"https:\/\/firmarchi.com\/?page_id=229\" \/>\n<meta property=\"og:locale\" content=\"fr_FR\" \/>\n<meta property=\"og:type\" content=\"article\" \/>\n<meta property=\"og:title\" content=\"A PROPOS - FIRM &amp; ARCHITECTURE\" \/>\n<meta property=\"og:description\" content=\"[vc_row][vc_column][\/vc_column][\/vc_row][vc_row][vc_column][vc_column_text]Passionn\u00e9e de l\u2019architecture et voyant le manque de b\u00e2timent architectural dans sa ville natale \u00e0 Antananarivo, FHR quitte son pays pour poursuivre ses \u00e9tudes sup\u00e9rieures \u00e0 l\u2019Ecole Nationale Sup\u00e9rieure d\u2019Architecture de Paris -Tolbiac. Elle obtient son dipl\u00f4me d\u2019architecture DPLG en 1995 puis ach\u00e8ve sa formation en se sp\u00e9cialisant en acoustique architecturale en 1996. Elle commence...\" \/>\n<meta property=\"og:url\" content=\"https:\/\/firmarchi.com\/?page_id=229\" \/>\n<meta property=\"og:site_name\" content=\"FIRM &amp; ARCHITECTURE\" \/>\n<meta property=\"article:publisher\" content=\"https:\/\/www.facebook.com\/Firm-Architecture-104715414645946\/\" \/>\n<meta property=\"article:modified_time\" content=\"2026-03-03T07:21:39+00:00\" \/>\n<meta name=\"twitter:card\" content=\"summary_large_image\" \/>\n<meta name=\"twitter:label1\" content=\"Dur\u00e9e de lecture estim\u00e9e\" \/>\n\t<meta name=\"twitter:data1\" content=\"1 minute\" \/>\n<script type=\"application\/ld+json\" class=\"yoast-schema-graph\">{\"@context\":\"https:\\\/\\\/schema.org\",\"@graph\":[{\"@type\":\"WebPage\",\"@id\":\"https:\\\/\\\/firmarchi.com\\\/?page_id=229\",\"url\":\"https:\\\/\\\/firmarchi.com\\\/?page_id=229\",\"name\":\"A PROPOS - FIRM &amp; ARCHITECTURE\",\"isPartOf\":{\"@id\":\"https:\\\/\\\/firmarchi.com\\\/#website\"},\"datePublished\":\"2017-05-05T01:03:29+00:00\",\"dateModified\":\"2026-03-03T07:21:39+00:00\",\"breadcrumb\":{\"@id\":\"https:\\\/\\\/firmarchi.com\\\/?page_id=229#breadcrumb\"},\"inLanguage\":\"fr-FR\",\"potentialAction\":[{\"@type\":\"ReadAction\",\"target\":[\"https:\\\/\\\/firmarchi.com\\\/?page_id=229\"]}]},{\"@type\":\"BreadcrumbList\",\"@id\":\"https:\\\/\\\/firmarchi.com\\\/?page_id=229#breadcrumb\",\"itemListElement\":[{\"@type\":\"ListItem\",\"position\":1,\"name\":\"Accueil\",\"item\":\"https:\\\/\\\/firmarchi.com\\\/\"},{\"@type\":\"ListItem\",\"position\":2,\"name\":\"About Me\"}]},{\"@type\":\"WebSite\",\"@id\":\"https:\\\/\\\/firmarchi.com\\\/#website\",\"url\":\"https:\\\/\\\/firmarchi.com\\\/\",\"name\":\"Firm & Architecture\",\"description\":\"\",\"publisher\":{\"@id\":\"https:\\\/\\\/firmarchi.com\\\/#organization\"},\"potentialAction\":[{\"@type\":\"SearchAction\",\"target\":{\"@type\":\"EntryPoint\",\"urlTemplate\":\"https:\\\/\\\/firmarchi.com\\\/?s={search_term_string}\"},\"query-input\":{\"@type\":\"PropertyValueSpecification\",\"valueRequired\":true,\"valueName\":\"search_term_string\"}}],\"inLanguage\":\"fr-FR\"},{\"@type\":\"Organization\",\"@id\":\"https:\\\/\\\/firmarchi.com\\\/#organization\",\"name\":\"Firm & Architecture\",\"url\":\"https:\\\/\\\/firmarchi.com\\\/\",\"logo\":{\"@type\":\"ImageObject\",\"inLanguage\":\"fr-FR\",\"@id\":\"https:\\\/\\\/firmarchi.com\\\/#\\\/schema\\\/logo\\\/image\\\/\",\"url\":\"https:\\\/\\\/firmarchi.com\\\/wp-content\\\/uploads\\\/2020\\\/07\\\/logo-firm.archi_-1.jpg\",\"contentUrl\":\"https:\\\/\\\/firmarchi.com\\\/wp-content\\\/uploads\\\/2020\\\/07\\\/logo-firm.archi_-1.jpg\",\"width\":150,\"height\":124,\"caption\":\"Firm & Architecture\"},\"image\":{\"@id\":\"https:\\\/\\\/firmarchi.com\\\/#\\\/schema\\\/logo\\\/image\\\/\"},\"sameAs\":[\"https:\\\/\\\/www.facebook.com\\\/Firm-Architecture-104715414645946\\\/\",\"https:\\\/\\\/www.instagram.com\\\/firm.architecture\\\/?hl=fr\",\"https:\\\/\\\/www.linkedin.com\\\/company\\\/firm-architecture\\\/\",\"https:\\\/\\\/www.youtube.com\\\/watch?v=xtZ-zn-a8tw\"]}]}<\/script>\n<!-- \/ Yoast SEO plugin. -->","yoast_head_json":{"title":"A PROPOS - FIRM &amp; ARCHITECTURE","robots":{"index":"index","follow":"follow","max-snippet":"max-snippet:-1","max-image-preview":"max-image-preview:large","max-video-preview":"max-video-preview:-1"},"canonical":"https:\/\/firmarchi.com\/?page_id=229","og_locale":"fr_FR","og_type":"article","og_title":"A PROPOS - FIRM &amp; ARCHITECTURE","og_description":"[vc_row][vc_column][\/vc_column][\/vc_row][vc_row][vc_column][vc_column_text]Passionn\u00e9e de l\u2019architecture et voyant le manque de b\u00e2timent architectural dans sa ville natale \u00e0 Antananarivo, FHR quitte son pays pour poursuivre ses \u00e9tudes sup\u00e9rieures \u00e0 l\u2019Ecole Nationale Sup\u00e9rieure d\u2019Architecture de Paris -Tolbiac. Elle obtient son dipl\u00f4me d\u2019architecture DPLG en 1995 puis ach\u00e8ve sa formation en se sp\u00e9cialisant en acoustique architecturale en 1996. Elle commence...","og_url":"https:\/\/firmarchi.com\/?page_id=229","og_site_name":"FIRM &amp; ARCHITECTURE","article_publisher":"https:\/\/www.facebook.com\/Firm-Architecture-104715414645946\/","article_modified_time":"2026-03-03T07:21:39+00:00","twitter_card":"summary_large_image","twitter_misc":{"Dur\u00e9e de lecture estim\u00e9e":"1 minute"},"schema":{"@context":"https:\/\/schema.org","@graph":[{"@type":"WebPage","@id":"https:\/\/firmarchi.com\/?page_id=229","url":"https:\/\/firmarchi.com\/?page_id=229","name":"A PROPOS - FIRM &amp; ARCHITECTURE","isPartOf":{"@id":"https:\/\/firmarchi.com\/#website"},"datePublished":"2017-05-05T01:03:29+00:00","dateModified":"2026-03-03T07:21:39+00:00","breadcrumb":{"@id":"https:\/\/firmarchi.com\/?page_id=229#breadcrumb"},"inLanguage":"fr-FR","potentialAction":[{"@type":"ReadAction","target":["https:\/\/firmarchi.com\/?page_id=229"]}]},{"@type":"BreadcrumbList","@id":"https:\/\/firmarchi.com\/?page_id=229#breadcrumb","itemListElement":[{"@type":"ListItem","position":1,"name":"Accueil","item":"https:\/\/firmarchi.com\/"},{"@type":"ListItem","position":2,"name":"About Me"}]},{"@type":"WebSite","@id":"https:\/\/firmarchi.com\/#website","url":"https:\/\/firmarchi.com\/","name":"Firm & Architecture","description":"","publisher":{"@id":"https:\/\/firmarchi.com\/#organization"},"potentialAction":[{"@type":"SearchAction","target":{"@type":"EntryPoint","urlTemplate":"https:\/\/firmarchi.com\/?s={search_term_string}"},"query-input":{"@type":"PropertyValueSpecification","valueRequired":true,"valueName":"search_term_string"}}],"inLanguage":"fr-FR"},{"@type":"Organization","@id":"https:\/\/firmarchi.com\/#organization","name":"Firm & Architecture","url":"https:\/\/firmarchi.com\/","logo":{"@type":"ImageObject","inLanguage":"fr-FR","@id":"https:\/\/firmarchi.com\/#\/schema\/logo\/image\/","url":"https:\/\/firmarchi.com\/wp-content\/uploads\/2020\/07\/logo-firm.archi_-1.jpg","contentUrl":"https:\/\/firmarchi.com\/wp-content\/uploads\/2020\/07\/logo-firm.archi_-1.jpg","width":150,"height":124,"caption":"Firm & Architecture"},"image":{"@id":"https:\/\/firmarchi.com\/#\/schema\/logo\/image\/"},"sameAs":["https:\/\/www.facebook.com\/Firm-Architecture-104715414645946\/","https:\/\/www.instagram.com\/firm.architecture\/?hl=fr","https:\/\/www.linkedin.com\/company\/firm-architecture\/","https:\/\/www.youtube.com\/watch?v=xtZ-zn-a8tw"]}]}},"_links":{"self":[{"href":"https:\/\/firmarchi.com\/index.php?rest_route=\/wp\/v2\/pages\/229","targetHints":{"allow":["GET"]}}],"collection":[{"href":"https:\/\/firmarchi.com\/index.php?rest_route=\/wp\/v2\/pages"}],"about":[{"href":"https:\/\/firmarchi.com\/index.php?rest_route=\/wp\/v2\/types\/page"}],"author":[{"embeddable":true,"href":"https:\/\/firmarchi.com\/index.php?rest_route=\/wp\/v2\/users\/1"}],"replies":[{"embeddable":true,"href":"https:\/\/firmarchi.com\/index.php?rest_route=%2Fwp%2Fv2%2Fcomments&post=229"}],"version-history":[{"count":0,"href":"https:\/\/firmarchi.com\/index.php?rest_route=\/wp\/v2\/pages\/229\/revisions"}],"wp:attachment":[{"href":"https:\/\/firmarchi.com\/index.php?rest_route=%2Fwp%2Fv2%2Fmedia&parent=229"}],"curies":[{"name":"wp","href":"https:\/\/api.w.org\/{rel}","templated":true}]}}