{"id":434,"date":"2017-05-07T18:40:53","date_gmt":"2017-05-07T18:40:53","guid":{"rendered":"https:\/\/victorthemes.com\/themes\/brixey\/?page_id=434"},"modified":"2026-04-03T15:51:30","modified_gmt":"2026-04-03T12:51:30","slug":"services","status":"publish","type":"page","link":"https:\/\/firmarchi.com\/?page_id=434","title":{"rendered":"Services"},"content":{"rendered":"<p>[vc_row overlay_dotted=\u00a0\u00bb\u00a0\u00bb el_class=\u00a0\u00bbcontainer\u00a0\u00bb][vc_column css=\u00a0\u00bb.vc_custom_1494933874057{padding-right: 0px !important;padding-left: 0px !important;}\u00a0\u00bb]<div class=\"brxy-services style2\"><div class=\"services-wrap\"><div class=\"service-item service-1\">\n              <div class=\"col-md-6\">\n                <div class=\"service-info\">\n                  <div class=\"brxy-table-container\">\n                    <div class=\"brxy-align-container\">\n                      <div class=\"clearfix\"><i class=\"fa fa-list-ul\"><\/i><\/div>\n                      <div class=\"service-title\">PROGRAMMATION<\/div>\n                      <div class=\"brxy-cta-cnt \" ><p style=\"text-align: center;\"><strong>Avez-vous un projet sp\u00e9cifique et voulez-vous une assistance pour mettre en place le programme du projet ?<\/strong><\/p>\n<p style=\"text-align: justify;\">F&amp;A vous assiste pour le montage du programme (description pr\u00e9cise avec les surfaces) et le cahier des charges n\u00e9cessaire \u00e0 la consultation de Ma\u00eetrise d\u2019\u0153uvre et\/ou concours d\u2019architecture.<\/p>\n<\/div>\n                    <\/div>\n                  <\/div>\n                <\/div>\n              <\/div><div class=\"service-picture\"><img decoding=\"async\" src=\"https:\/\/firmarchi.com\/wp-content\/uploads\/2020\/07\/programmation-photo-site-1.png\" alt=\"PROGRAMMATION\"><\/div><\/div><div class=\"service-item service-2\">\n              <div class=\"col-md-6\">\n                <div class=\"service-info\">\n                  <div class=\"brxy-table-container\">\n                    <div class=\"brxy-align-container\">\n                      <div class=\"clearfix\"><i class=\"icon-layers\"><\/i><\/div>\n                      <div class=\"service-title\">ETUDES DE FAISABILITES \u2013 POTENTIALITE<\/div>\n                      <div class=\"brxy-cta-cnt \" ><p style=\"text-align: center;\"><span style=\"font-size: 16px;\"><strong>Avez-Vous un terrain\u00a0? un projet en t\u00eate\u00a0?<\/strong><\/span><\/p>\n<p style=\"text-align: justify;\">F&amp;A vous propose de faire une \u00e9tude de faisabilit\u00e9s (ou potentialit\u00e9) de votre projet\u00a0en prenant en compte votre programme, la morphologie du terrain et son environnement, en respectant les prescriptions d\u2019urbanisme de la zone\u00a0: \u00a0l\u2019objectif \u00e9tant de proposer un croquis d\u2019am\u00e9nagement, d\u2019\u00e9valuer les surfaces constructibles, les possibilit\u00e9s d\u2019acc\u00e8s, les hauteurs maximales, les circulations etc et surtout l\u2019enveloppe financi\u00e8re \u00e0 pr\u00e9voir (si vous n\u2019avez pas encore d\u00e9fini votre budget)<\/p>\n<\/div>\n                    <\/div>\n                  <\/div>\n                <\/div>\n              <\/div><div class=\"service-picture\"><img decoding=\"async\" src=\"https:\/\/firmarchi.com\/wp-content\/uploads\/2020\/07\/faisabilite-photo-site-1.png\" alt=\"ETUDES DE FAISABILITES \u2013 POTENTIALITE\"><\/div><\/div><div class=\"service-item service-3\">\n              <div class=\"col-md-6\">\n                <div class=\"service-info\">\n                  <div class=\"brxy-table-container\">\n                    <div class=\"brxy-align-container\">\n                      <div class=\"clearfix\"><i class=\"icon-expand\"><\/i><\/div>\n                      <div class=\"service-title\">CONCEPTION ARCHITECTURALE et ACOUSTIQUE \u2013 MAITRISE D\u2019\u0152UVRE<\/div>\n                      <div class=\"brxy-cta-cnt \" ><p style=\"text-align: center;\"><strong>Avez-vous un projet de construction de maison, de logements collectifs, de b\u00e2timent industriel, de bureaux, d\u2019h\u00f4tel, de restaurants ou autre\u00a0?<\/strong><\/p>\n<p>F&amp;A con\u00e7oit votre b\u00e2timent en pensant \u00e0 tous les espaces sp\u00e9cifiques de votre projet dans une mission de maitrise d\u2019\u0153uvre partielle ou compl\u00e8te\u00a0:<\/p>\n<p>De la conception architecturale (de l\u2019esquisse au Permis de construire) en collaboration les bureaux techniques sp\u00e9cialis\u00e9s si besoin,<\/p>\n<p>A L\u2019\u00e9laboration des plans, d\u00e9tails, devis descriptifs quantitatifs et qualitatifs des ouvrages de tous corps d\u2019\u00e9tat intervenants, indispensable pour le montage du Dossiers de consultation des entreprises<\/p>\n<p>Et la direction des travaux jusqu\u2019au parfait ach\u00e8vement de votre op\u00e9ration.<\/p>\n<\/div>\n                    <\/div>\n                  <\/div>\n                <\/div>\n              <\/div><div class=\"service-picture\"><img decoding=\"async\" src=\"https:\/\/firmarchi.com\/wp-content\/uploads\/2020\/07\/conception-photo-site-1.png\" alt=\"CONCEPTION ARCHITECTURALE et ACOUSTIQUE \u2013 MAITRISE D\u2019\u0152UVRE\"><\/div><\/div><div class=\"service-item service-4\">\n              <div class=\"col-md-6\">\n                <div class=\"service-info\">\n                  <div class=\"brxy-table-container\">\n                    <div class=\"brxy-align-container\">\n                      <div class=\"clearfix\"><i class=\"fa fa-magic\"><\/i><\/div>\n                      <div class=\"service-title\">REHABILITATION \u2013 RENOVATION - AGRANDISSEMENT<\/div>\n                      <div class=\"brxy-cta-cnt \" ><p style=\"text-align: center;\"><strong>Vous venez d\u2019acheter un bien\u00a0? ou tout simplement vous souhaitez recr\u00e9er un espace de vie, agrandir, r\u00e9nover et donner un nouveau \u00ab\u00a0look\u00a0\u00bb qui vous ressemble\u00a0\u00e0 votre maison ?<\/strong><\/p>\n<p style=\"text-align: center;\">F&amp;A vous propose de repenser votre maison pour une meilleure occupation des espaces suivant votre mode de vie et redonner un style propre \u00e0 votre image.<\/p>\n<p style=\"text-align: center;\">Pour la parfaite r\u00e9alisation de votre projet nous vous conseillons une Ma\u00eetrise d\u2019\u0153uvre compl\u00e8te pour ce type de projet de r\u00e9habilitation.<\/p>\n<\/div>\n                    <\/div>\n                  <\/div>\n                <\/div>\n              <\/div><div class=\"service-picture\"><img decoding=\"async\" src=\"https:\/\/firmarchi.com\/wp-content\/uploads\/2020\/07\/TITi-AP-av-e1595524061975.png\" alt=\"REHABILITATION \u2013 RENOVATION - AGRANDISSEMENT\"><\/div><\/div><div class=\"service-item service-5\">\n              <div class=\"col-md-6\">\n                <div class=\"service-info\">\n                  <div class=\"brxy-table-container\">\n                    <div class=\"brxy-align-container\">\n                      <div class=\"clearfix\"><i class=\"fa fa-cube\"><\/i><\/div>\n                      <div class=\"service-title\">AMENAGEMENT INTERIEUR<\/div>\n                      <div class=\"brxy-cta-cnt \" ><p style=\"text-align: center;\"><strong>Avez-vous envie de donner un nouveau visage \u00e0 votre int\u00e9rieur (maisons, appartements, bureaux, salle de r\u00e9union, industrie, restaurants, boutiques etc .. ) ?<\/strong><\/p>\n<p style=\"text-align: center;\">F&amp;A vous accompagne pour d\u00e9finir puis proposer les am\u00e9nagements appropri\u00e9s et style d\u00e9co en ad\u00e9quation avec l\u2019espace de chaque pi\u00e8ce en respectant la fonctionnalit\u00e9, l\u2019ambiance que vous recherchez.<\/p>\n<\/div>\n                    <\/div>\n                  <\/div>\n                <\/div>\n              <\/div><div class=\"service-picture\"><img decoding=\"async\" src=\"https:\/\/firmarchi.com\/wp-content\/uploads\/2020\/07\/modifie-nuit01-e1595524192256.png\" alt=\"AMENAGEMENT INTERIEUR\"><\/div><\/div><\/div><\/div>[\/vc_column][\/vc_row][vc_row overlay_dotted=\u00a0\u00bb\u00a0\u00bb][vc_column][vc_empty_space height=\u00a0\u00bb85px\u00a0\u00bb]<div class=\"brxy-request-quote \"><div class=\"container\"><div class=\"brxy-cta-cnt \" ><h3 class=\"brxy-title request-quote-title brxy-title-69f0caef002c4\">CONTACTEZ NOUS<\/h3>\n<\/div><div class=\"clearfix\"><a class=\"brxy-btn   brxy-btn-69f0caef002d3  brxy-btn-large \" href=\"https:\/\/firmarchi.com\/?page_id=250\" target=\"_blank\">ici<\/a><\/div><\/div><\/div>[\/vc_column][\/vc_row]<\/p>\n","protected":false},"excerpt":{"rendered":"[vc_row overlay_dotted=\u00a0\u00bb\u00a0\u00bb el_class=\u00a0\u00bbcontainer\u00a0\u00bb][vc_column css=\u00a0\u00bb.vc_custom_1494933874057{padding-right: 0px !important;padding-left: 0px !important;}\u00a0\u00bb][\/vc_column][\/vc_row][vc_row overlay_dotted=\u00a0\u00bb\u00a0\u00bb][vc_column][vc_empty_space height=\u00a0\u00bb85px\u00a0\u00bb][\/vc_column][\/vc_row]","protected":false},"author":1,"featured_media":0,"parent":0,"menu_order":0,"comment_status":"closed","ping_status":"closed","template":"","meta":{"footnotes":""},"class_list":["post-434","page","type-page","status-publish","hentry"],"yoast_head":"<!-- This site is optimized with the Yoast SEO plugin v27.5 - https:\/\/yoast.com\/product\/yoast-seo-wordpress\/ -->\n<title>Services - FIRM &amp; ARCHITECTURE<\/title>\n<meta name=\"robots\" content=\"index, follow, max-snippet:-1, max-image-preview:large, max-video-preview:-1\" \/>\n<link rel=\"canonical\" href=\"https:\/\/firmarchi.com\/?page_id=434\" \/>\n<meta property=\"og:locale\" content=\"fr_FR\" \/>\n<meta property=\"og:type\" content=\"article\" \/>\n<meta property=\"og:title\" content=\"Services - FIRM &amp; ARCHITECTURE\" \/>\n<meta property=\"og:description\" content=\"[vc_row overlay_dotted=\u00a0\u00bb\u00a0\u00bb el_class=\u00a0\u00bbcontainer\u00a0\u00bb][vc_column css=\u00a0\u00bb.vc_custom_1494933874057{padding-right: 0px !important;padding-left: 0px !important;}\u00a0\u00bb][\/vc_column][\/vc_row][vc_row overlay_dotted=\u00a0\u00bb\u00a0\u00bb][vc_column][vc_empty_space height=\u00a0\u00bb85px\u00a0\u00bb][\/vc_column][\/vc_row]\" \/>\n<meta property=\"og:url\" content=\"https:\/\/firmarchi.com\/?page_id=434\" \/>\n<meta property=\"og:site_name\" content=\"FIRM &amp; ARCHITECTURE\" \/>\n<meta property=\"article:publisher\" content=\"https:\/\/www.facebook.com\/Firm-Architecture-104715414645946\/\" \/>\n<meta property=\"article:modified_time\" content=\"2026-04-03T12:51:30+00:00\" \/>\n<meta name=\"twitter:card\" content=\"summary_large_image\" \/>\n<meta name=\"twitter:label1\" content=\"Dur\u00e9e de lecture estim\u00e9e\" \/>\n\t<meta name=\"twitter:data1\" content=\"3 minutes\" \/>\n<script type=\"application\/ld+json\" class=\"yoast-schema-graph\">{\"@context\":\"https:\\\/\\\/schema.org\",\"@graph\":[{\"@type\":\"WebPage\",\"@id\":\"https:\\\/\\\/firmarchi.com\\\/?page_id=434\",\"url\":\"https:\\\/\\\/firmarchi.com\\\/?page_id=434\",\"name\":\"Services - FIRM &amp; ARCHITECTURE\",\"isPartOf\":{\"@id\":\"https:\\\/\\\/firmarchi.com\\\/#website\"},\"datePublished\":\"2017-05-07T18:40:53+00:00\",\"dateModified\":\"2026-04-03T12:51:30+00:00\",\"breadcrumb\":{\"@id\":\"https:\\\/\\\/firmarchi.com\\\/?page_id=434#breadcrumb\"},\"inLanguage\":\"fr-FR\",\"potentialAction\":[{\"@type\":\"ReadAction\",\"target\":[\"https:\\\/\\\/firmarchi.com\\\/?page_id=434\"]}]},{\"@type\":\"BreadcrumbList\",\"@id\":\"https:\\\/\\\/firmarchi.com\\\/?page_id=434#breadcrumb\",\"itemListElement\":[{\"@type\":\"ListItem\",\"position\":1,\"name\":\"Accueil\",\"item\":\"https:\\\/\\\/firmarchi.com\\\/\"},{\"@type\":\"ListItem\",\"position\":2,\"name\":\"Services\"}]},{\"@type\":\"WebSite\",\"@id\":\"https:\\\/\\\/firmarchi.com\\\/#website\",\"url\":\"https:\\\/\\\/firmarchi.com\\\/\",\"name\":\"Firm & Architecture\",\"description\":\"\",\"publisher\":{\"@id\":\"https:\\\/\\\/firmarchi.com\\\/#organization\"},\"potentialAction\":[{\"@type\":\"SearchAction\",\"target\":{\"@type\":\"EntryPoint\",\"urlTemplate\":\"https:\\\/\\\/firmarchi.com\\\/?s={search_term_string}\"},\"query-input\":{\"@type\":\"PropertyValueSpecification\",\"valueRequired\":true,\"valueName\":\"search_term_string\"}}],\"inLanguage\":\"fr-FR\"},{\"@type\":\"Organization\",\"@id\":\"https:\\\/\\\/firmarchi.com\\\/#organization\",\"name\":\"Firm & Architecture\",\"url\":\"https:\\\/\\\/firmarchi.com\\\/\",\"logo\":{\"@type\":\"ImageObject\",\"inLanguage\":\"fr-FR\",\"@id\":\"https:\\\/\\\/firmarchi.com\\\/#\\\/schema\\\/logo\\\/image\\\/\",\"url\":\"https:\\\/\\\/firmarchi.com\\\/wp-content\\\/uploads\\\/2020\\\/07\\\/logo-firm.archi_-1.jpg\",\"contentUrl\":\"https:\\\/\\\/firmarchi.com\\\/wp-content\\\/uploads\\\/2020\\\/07\\\/logo-firm.archi_-1.jpg\",\"width\":150,\"height\":124,\"caption\":\"Firm & Architecture\"},\"image\":{\"@id\":\"https:\\\/\\\/firmarchi.com\\\/#\\\/schema\\\/logo\\\/image\\\/\"},\"sameAs\":[\"https:\\\/\\\/www.facebook.com\\\/Firm-Architecture-104715414645946\\\/\",\"https:\\\/\\\/www.instagram.com\\\/firm.architecture\\\/?hl=fr\",\"https:\\\/\\\/www.linkedin.com\\\/company\\\/firm-architecture\\\/\",\"https:\\\/\\\/www.youtube.com\\\/watch?v=xtZ-zn-a8tw\"]}]}<\/script>\n<!-- \/ Yoast SEO plugin. -->","yoast_head_json":{"title":"Services - FIRM &amp; ARCHITECTURE","robots":{"index":"index","follow":"follow","max-snippet":"max-snippet:-1","max-image-preview":"max-image-preview:large","max-video-preview":"max-video-preview:-1"},"canonical":"https:\/\/firmarchi.com\/?page_id=434","og_locale":"fr_FR","og_type":"article","og_title":"Services - FIRM &amp; ARCHITECTURE","og_description":"[vc_row overlay_dotted=\u00a0\u00bb\u00a0\u00bb el_class=\u00a0\u00bbcontainer\u00a0\u00bb][vc_column css=\u00a0\u00bb.vc_custom_1494933874057{padding-right: 0px !important;padding-left: 0px !important;}\u00a0\u00bb][\/vc_column][\/vc_row][vc_row overlay_dotted=\u00a0\u00bb\u00a0\u00bb][vc_column][vc_empty_space height=\u00a0\u00bb85px\u00a0\u00bb][\/vc_column][\/vc_row]","og_url":"https:\/\/firmarchi.com\/?page_id=434","og_site_name":"FIRM &amp; ARCHITECTURE","article_publisher":"https:\/\/www.facebook.com\/Firm-Architecture-104715414645946\/","article_modified_time":"2026-04-03T12:51:30+00:00","twitter_card":"summary_large_image","twitter_misc":{"Dur\u00e9e de lecture estim\u00e9e":"3 minutes"},"schema":{"@context":"https:\/\/schema.org","@graph":[{"@type":"WebPage","@id":"https:\/\/firmarchi.com\/?page_id=434","url":"https:\/\/firmarchi.com\/?page_id=434","name":"Services - FIRM &amp; ARCHITECTURE","isPartOf":{"@id":"https:\/\/firmarchi.com\/#website"},"datePublished":"2017-05-07T18:40:53+00:00","dateModified":"2026-04-03T12:51:30+00:00","breadcrumb":{"@id":"https:\/\/firmarchi.com\/?page_id=434#breadcrumb"},"inLanguage":"fr-FR","potentialAction":[{"@type":"ReadAction","target":["https:\/\/firmarchi.com\/?page_id=434"]}]},{"@type":"BreadcrumbList","@id":"https:\/\/firmarchi.com\/?page_id=434#breadcrumb","itemListElement":[{"@type":"ListItem","position":1,"name":"Accueil","item":"https:\/\/firmarchi.com\/"},{"@type":"ListItem","position":2,"name":"Services"}]},{"@type":"WebSite","@id":"https:\/\/firmarchi.com\/#website","url":"https:\/\/firmarchi.com\/","name":"Firm & Architecture","description":"","publisher":{"@id":"https:\/\/firmarchi.com\/#organization"},"potentialAction":[{"@type":"SearchAction","target":{"@type":"EntryPoint","urlTemplate":"https:\/\/firmarchi.com\/?s={search_term_string}"},"query-input":{"@type":"PropertyValueSpecification","valueRequired":true,"valueName":"search_term_string"}}],"inLanguage":"fr-FR"},{"@type":"Organization","@id":"https:\/\/firmarchi.com\/#organization","name":"Firm & Architecture","url":"https:\/\/firmarchi.com\/","logo":{"@type":"ImageObject","inLanguage":"fr-FR","@id":"https:\/\/firmarchi.com\/#\/schema\/logo\/image\/","url":"https:\/\/firmarchi.com\/wp-content\/uploads\/2020\/07\/logo-firm.archi_-1.jpg","contentUrl":"https:\/\/firmarchi.com\/wp-content\/uploads\/2020\/07\/logo-firm.archi_-1.jpg","width":150,"height":124,"caption":"Firm & Architecture"},"image":{"@id":"https:\/\/firmarchi.com\/#\/schema\/logo\/image\/"},"sameAs":["https:\/\/www.facebook.com\/Firm-Architecture-104715414645946\/","https:\/\/www.instagram.com\/firm.architecture\/?hl=fr","https:\/\/www.linkedin.com\/company\/firm-architecture\/","https:\/\/www.youtube.com\/watch?v=xtZ-zn-a8tw"]}]}},"_links":{"self":[{"href":"https:\/\/firmarchi.com\/index.php?rest_route=\/wp\/v2\/pages\/434","targetHints":{"allow":["GET"]}}],"collection":[{"href":"https:\/\/firmarchi.com\/index.php?rest_route=\/wp\/v2\/pages"}],"about":[{"href":"https:\/\/firmarchi.com\/index.php?rest_route=\/wp\/v2\/types\/page"}],"author":[{"embeddable":true,"href":"https:\/\/firmarchi.com\/index.php?rest_route=\/wp\/v2\/users\/1"}],"replies":[{"embeddable":true,"href":"https:\/\/firmarchi.com\/index.php?rest_route=%2Fwp%2Fv2%2Fcomments&post=434"}],"version-history":[{"count":0,"href":"https:\/\/firmarchi.com\/index.php?rest_route=\/wp\/v2\/pages\/434\/revisions"}],"wp:attachment":[{"href":"https:\/\/firmarchi.com\/index.php?rest_route=%2Fwp%2Fv2%2Fmedia&parent=434"}],"curies":[{"name":"wp","href":"https:\/\/api.w.org\/{rel}","templated":true}]}}