{"id":50,"date":"2017-05-02T16:00:17","date_gmt":"2017-05-02T16:00:17","guid":{"rendered":"https:\/\/victorthemes.com\/themes\/brixey\/?page_id=50"},"modified":"2026-03-03T13:12:38","modified_gmt":"2026-03-03T10:12:38","slug":"a-propos-de-lagence","status":"publish","type":"page","link":"https:\/\/firmarchi.com\/?page_id=50","title":{"rendered":"A propos"},"content":{"rendered":"<p>[vc_row overlay_dotted=\u00a0\u00bb\u00a0\u00bb el_class=\u00a0\u00bbcontainer brxy-itroduction\u00a0\u00bb css=\u00a0\u00bb.vc_custom_1493947813808{padding-bottom: 100px !important;}\u00a0\u00bb][vc_column width=\u00a0\u00bb1\/2&Prime; css=\u00a0\u00bb.vc_custom_1494849202195{padding-left: 0px !important;}\u00a0\u00bb][vc_column_text]<span style=\"font-family: 'times new roman', times;\">Fond\u00e9e par Fara H RAHOELIARIVAHY, Architecte DPLG, l\u2019agence FIRM&amp;ARCHITECTURE fait ses timides d\u00e9buts en 2001 dans la ville d\u2019 Antananarivo dont la majorit\u00e9 des habitants ignore le m\u00e9tier d\u2019architecte.<\/span><\/p>\n<p><span style=\"font-family: 'times new roman', times;\">Les Ma\u00eetres d\u2019Ouvrages font la fine bouche et le combat de se faire valoir commence.<\/span><\/p>\n<p><span style=\"font-family: 'times new roman', times;\">F&amp;A commence avec la conception d\u2019un immeuble de bureaux, puis des b\u00e2timents communautaires et des maisons individuelles : le cabinet travaillait avec une \u00e9quipe de\u00a0 3 collaborateurs.<\/span><\/p>\n<p><span style=\"font-family: 'times new roman', times;\">En 2006, elle ajoute son exp\u00e9rience en conception de lotissements (et de b\u00e2timents de logement) en r\u00e9gion parisienne.<\/span><\/p>\n<p><span style=\"font-family: 'times new roman', times;\">Du bouche \u00e0 oreille, F&amp;A se fait connaitre pour son plein engagement de Ma\u00eetre d\u2019\u0153uvre en r\u00e9pondant aux diff\u00e9rents besoins des Ma\u00eetres d\u2019Ouvrages par une pluralit\u00e9 de missions.<\/span><\/p>\n<p><span style=\"font-family: 'times new roman', times;\">Les projets s\u2019enchainent peu \u00e0 peu : h\u00f4tels, immeubles de bureaux, usines, r\u00e9sidence priv\u00e9e de luxe, immeubles d\u2019appartements, lotissements.<\/span>[\/vc_column_text][\/vc_column][vc_column width=\u00a0\u00bb1\/2&Prime;][vc_column_text]<span style=\"font-family: 'times new roman', times;\">Puis commencent les am\u00e9nagements int\u00e9rieurs\u00a0de banque et maisons individuelles qui permettent \u00e0 F&amp;A de proposer \u00e0 pr\u00e9sent un projet complet d\u00e8s les 1\u00e8res esquisses.<\/span><\/p>\n<p><span style=\"font-family: 'times new roman', times;\">Pour r\u00e9pondre pleinement aux demandes actuelles des Ma\u00eetres d\u2019ouvrage, car intimement convaincue de la valeur d\u2019une r\u00e9flexion en \u00e9quipe, F&amp;A travaille en partenariat avec d\u2019autres acteurs internationaux de la conception de l\u2019espace b\u00e2ti et paysager afin de s\u2019ouvrir sur d\u2019autres axes de conception par des \u00e9changes et des confrontations de propositions.<\/span><\/p>\n<p><span style=\"font-family: 'times new roman', times;\">Aussi aujourd\u2019hui, Elle compte une dizaine de collaborateurs travaillant en \u00e9quipe regroupant ing\u00e9nieurs, techniciens tous exp\u00e9riment\u00e9s, responsables, dans l\u2019acte de b\u00e2tir.<\/span><\/p>\n<p><span style=\"font-family: 'times new roman', times;\">L\u2019agence est un outil permanent de production de l\u2019architecture imag\u00e9e.<\/span><\/p>\n<p><span style=\"font-family: 'times new roman', times;\">R\u00e9solument dans l\u2019\u00e8re du temps, le cheminement de l\u2019agence poursuit une ligne directrice claire\u00a0: l\u2019implication de professionnels au service du projet pour r\u00e9pondre aux attentes du Ma\u00eetre de l\u2019Ouvrage.<\/span>[\/vc_column_text][\/vc_column][\/vc_row][vc_row overlay_dotted=\u00a0\u00bb\u00a0\u00bb el_class=\u00a0\u00bbcontainer brxy-itroduction\u00a0\u00bb css=\u00a0\u00bb.vc_custom_1493947813808{padding-bottom: 100px !important;}\u00a0\u00bb][vc_column][vc_column_text]<\/p>\n<p style=\"text-align: center;\"><span style=\"font-size: 21px;\"><em>L\u2019architecture, notre passion, notre m\u00e9tier\u2026 pour donner vie \u00e0 vos r\u00eaves<\/em><\/span><\/p>\n<p>[\/vc_column_text][\/vc_column][\/vc_row][vc_row overlay_dotted=\u00a0\u00bb\u00a0\u00bb el_class=\u00a0\u00bbcontainer brxy-itroduction\u00a0\u00bb css=\u00a0\u00bb.vc_custom_1493947813808{padding-bottom: 100px !important;}\u00a0\u00bb][vc_column][vc_single_image image=\u00a0\u00bb1603&Prime; img_size=\u00a0\u00bblarge\u00a0\u00bb alignment=\u00a0\u00bbcenter\u00a0\u00bb][\/vc_column][\/vc_row][vc_row full_width=\u00a0\u00bbstretch_row_content_no_spaces\u00a0\u00bb parallax=\u00a0\u00bbcontent-moving\u00a0\u00bb parallax_speed_bg=\u00a0\u00bb0.2&Prime; overlay_dotted=\u00a0\u00bb\u00a0\u00bb][vc_column]      <div class=\"brxy-status  status-type-69f35905b169e\">\n                  \n          <div class=\"col-md-6 col-sm-6\">\n            <div class=\"status-list\">\n              <span class=\"counter\">25<\/span>\n                <span>ans<\/span>              <div class=\"status-title\">Exp\u00e9riences<\/div>\n                          <\/div>\n          <\/div>\n                  \n          <div class=\"col-md-6 col-sm-6\">\n            <div class=\"status-list\">\n              <span class=\"counter\">100<\/span>\n                              <div class=\"status-title\">Projets & R\u00e9alisations<\/div>\n                          <\/div>\n          <\/div>\n           \n      <\/div>\n[\/vc_column][\/vc_row][vc_row overlay_dotted=\u00a0\u00bb\u00a0\u00bb css=\u00a0\u00bb.vc_custom_1493949201500{margin-top: 120px !important;margin-bottom: 16px !important;}\u00a0\u00bb][vc_column text_alignment=\u00a0\u00bbtext-center\u00a0\u00bb]    <div class=\"brxy-team  brxy-team-69f35905b16b9 \"> <!-- team Starts -->\n      <div class=\"container\">\n        <div class=\"team-wrap\">\n          <div class=\"row\">\n                    <div class=\"col-md-3 col-sm-6\">\n            <div class=\"mate-list\">\n              <div class=\"mate-picture\">\n                <div class=\"clearfix\"><img decoding=\"async\" src=\"https:\/\/firmarchi.com\/wp-content\/uploads\/2026\/03\/Fara.jpg?v=1772532001\" alt=\"\"><\/div>\n                <div class=\"mate-links\">\n                  <div class=\"brxy-table-container\">\n                    <div class=\"brxy-align-container\">\n                      <div class=\"brxy-moving-wrap\">\n                                            <\/div>\n                    <\/div>\n                  <\/div>\n                <\/div>\n              <\/div>\n              <div class=\"mate-info\">\n                <div class=\"mate-name\"><a>RAHOELIARIVAHY Fara H<\/a><\/div><div class=\"mate-designation\">Architecte DPLG<\/div>              <\/div>\n            <\/div>\n          <\/div>\n                      <div class=\"col-md-3 col-sm-6\">\n            <div class=\"mate-list\">\n              <div class=\"mate-picture\">\n                <div class=\"clearfix\"><img decoding=\"async\" src=\"https:\/\/firmarchi.com\/wp-content\/uploads\/2026\/03\/Anjaka.jpg?v=1772532018\" alt=\"\"><\/div>\n                <div class=\"mate-links\">\n                  <div class=\"brxy-table-container\">\n                    <div class=\"brxy-align-container\">\n                      <div class=\"brxy-moving-wrap\">\n                                            <\/div>\n                    <\/div>\n                  <\/div>\n                <\/div>\n              <\/div>\n              <div class=\"mate-info\">\n                <div class=\"mate-name\"><a>Anjaka<\/a><\/div><div class=\"mate-designation\">Architecte Junior<\/div>              <\/div>\n            <\/div>\n          <\/div>\n                      <div class=\"col-md-3 col-sm-6\">\n            <div class=\"mate-list\">\n              <div class=\"mate-picture\">\n                <div class=\"clearfix\"><img decoding=\"async\" src=\"https:\/\/firmarchi.com\/wp-content\/uploads\/2026\/03\/Lanto.jpg?v=1772533779\" alt=\"\"><\/div>\n                <div class=\"mate-links\">\n                  <div class=\"brxy-table-container\">\n                    <div class=\"brxy-align-container\">\n                      <div class=\"brxy-moving-wrap\">\n                                            <\/div>\n                    <\/div>\n                  <\/div>\n                <\/div>\n              <\/div>\n              <div class=\"mate-info\">\n                <div class=\"mate-name\"><a>Lanto <\/a><\/div><div class=\"mate-designation\">Responsable structure &amp; chantier<\/div>              <\/div>\n            <\/div>\n          <\/div>\n                      <div class=\"col-md-3 col-sm-6\">\n            <div class=\"mate-list\">\n              <div class=\"mate-picture\">\n                <div class=\"clearfix\"><img decoding=\"async\" src=\"https:\/\/firmarchi.com\/wp-content\/uploads\/2026\/03\/Juvence.jpg?v=1772531987\" alt=\"\"><\/div>\n                <div class=\"mate-links\">\n                  <div class=\"brxy-table-container\">\n                    <div class=\"brxy-align-container\">\n                      <div class=\"brxy-moving-wrap\">\n                                            <\/div>\n                    <\/div>\n                  <\/div>\n                <\/div>\n              <\/div>\n              <div class=\"mate-info\">\n                <div class=\"mate-name\"><a href=\"#\">Jean Juvence <\/a><\/div><div class=\"mate-designation\">Responsable Technique  BE<\/div>              <\/div>\n            <\/div>\n          <\/div>\n                      <\/div> <!-- row -->\n        <\/div> <!-- wrap -->\n      <\/div> <!-- container -->\n    <\/div> <!-- team End -->\n        <div class=\"brxy-team  brxy-team-69f35905b2c06 \"> <!-- team Starts -->\n      <div class=\"container\">\n        <div class=\"team-wrap\">\n          <div class=\"row\">\n                    <div class=\"col-md-3 col-sm-6\">\n            <div class=\"mate-list\">\n              <div class=\"mate-picture\">\n                <div class=\"clearfix\"><img decoding=\"async\" src=\"https:\/\/firmarchi.com\/wp-content\/uploads\/2026\/03\/Narindra.jpg?v=1772531948\" alt=\"\"><\/div>\n                <div class=\"mate-links\">\n                  <div class=\"brxy-table-container\">\n                    <div class=\"brxy-align-container\">\n                      <div class=\"brxy-moving-wrap\">\n                                            <\/div>\n                    <\/div>\n                  <\/div>\n                <\/div>\n              <\/div>\n              <div class=\"mate-info\">\n                <div class=\"mate-name\"><a href=\"#\">Narindra <\/a><\/div><div class=\"mate-designation\">Responsable Administratif Comptable <\/div>              <\/div>\n            <\/div>\n          <\/div>\n                      <div class=\"col-md-3 col-sm-6\">\n            <div class=\"mate-list\">\n              <div class=\"mate-picture\">\n                <div class=\"clearfix\"><img decoding=\"async\" src=\"https:\/\/firmarchi.com\/wp-content\/uploads\/2026\/03\/Rina.jpg?v=1772531897\" alt=\"\"><\/div>\n                <div class=\"mate-links\">\n                  <div class=\"brxy-table-container\">\n                    <div class=\"brxy-align-container\">\n                      <div class=\"brxy-moving-wrap\">\n                                            <\/div>\n                    <\/div>\n                  <\/div>\n                <\/div>\n              <\/div>\n              <div class=\"mate-info\">\n                <div class=\"mate-name\"><a>Rina Navalona<\/a><\/div><div class=\"mate-designation\">Dessinateur <\/div>              <\/div>\n            <\/div>\n          <\/div>\n                      <div class=\"col-md-3 col-sm-6\">\n            <div class=\"mate-list\">\n              <div class=\"mate-picture\">\n                <div class=\"clearfix\"><img decoding=\"async\" src=\"https:\/\/firmarchi.com\/wp-content\/uploads\/2026\/03\/Tsoa.jpg?v=1772531912\" alt=\"\"><\/div>\n                <div class=\"mate-links\">\n                  <div class=\"brxy-table-container\">\n                    <div class=\"brxy-align-container\">\n                      <div class=\"brxy-moving-wrap\">\n                                            <\/div>\n                    <\/div>\n                  <\/div>\n                <\/div>\n              <\/div>\n              <div class=\"mate-info\">\n                <div class=\"mate-name\"><a>Fanambinantsoa <\/a><\/div><div class=\"mate-designation\">Assistante d'architecte  <\/div>              <\/div>\n            <\/div>\n          <\/div>\n                      <div class=\"col-md-3 col-sm-6\">\n            <div class=\"mate-list\">\n              <div class=\"mate-picture\">\n                <div class=\"clearfix\"><img decoding=\"async\" src=\"https:\/\/firmarchi.com\/wp-content\/uploads\/2026\/03\/Riana.jpg?v=1772531860\" alt=\"\"><\/div>\n                <div class=\"mate-links\">\n                  <div class=\"brxy-table-container\">\n                    <div class=\"brxy-align-container\">\n                      <div class=\"brxy-moving-wrap\">\n                                            <\/div>\n                    <\/div>\n                  <\/div>\n                <\/div>\n              <\/div>\n              <div class=\"mate-info\">\n                <div class=\"mate-name\"><a>Riana<\/a><\/div><div class=\"mate-designation\">Assistante de Direction<\/div>              <\/div>\n            <\/div>\n          <\/div>\n                      <\/div> <!-- row -->\n        <\/div> <!-- wrap -->\n      <\/div> <!-- container -->\n    <\/div> <!-- team End -->\n        <div class=\"brxy-team  brxy-team-69f35905b3ab9 \"> <!-- team Starts -->\n      <div class=\"container\">\n        <div class=\"team-wrap\">\n          <div class=\"row\">\n                    <div class=\"col-md-3 col-sm-6\">\n            <div class=\"mate-list\">\n              <div class=\"mate-picture\">\n                <div class=\"clearfix\"><img decoding=\"async\" src=\"https:\/\/firmarchi.com\/wp-content\/uploads\/2026\/03\/Antonio.jpg?v=1772532037\" alt=\"\"><\/div>\n                <div class=\"mate-links\">\n                  <div class=\"brxy-table-container\">\n                    <div class=\"brxy-align-container\">\n                      <div class=\"brxy-moving-wrap\">\n                                            <\/div>\n                    <\/div>\n                  <\/div>\n                <\/div>\n              <\/div>\n              <div class=\"mate-info\">\n                <div class=\"mate-name\"><a>Antonio<\/a><\/div><div class=\"mate-designation\">Assistant d'architecte Junior<\/div>              <\/div>\n            <\/div>\n          <\/div>\n                      <div class=\"col-md-3 col-sm-6\">\n            <div class=\"mate-list\">\n              <div class=\"mate-picture\">\n                <div class=\"clearfix\"><img decoding=\"async\" src=\"https:\/\/firmarchi.com\/wp-content\/uploads\/2026\/03\/Zo.jpg?v=1772531878\" alt=\"\"><\/div>\n                <div class=\"mate-links\">\n                  <div class=\"brxy-table-container\">\n                    <div class=\"brxy-align-container\">\n                      <div class=\"brxy-moving-wrap\">\n                                            <\/div>\n                    <\/div>\n                  <\/div>\n                <\/div>\n              <\/div>\n              <div class=\"mate-info\">\n                <div class=\"mate-name\"><a>Zo<\/a><\/div><div class=\"mate-designation\">Dessinateur - Projeteur<\/div>              <\/div>\n            <\/div>\n          <\/div>\n                      <div class=\"col-md-3 col-sm-6\">\n            <div class=\"mate-list\">\n              <div class=\"mate-picture\">\n                <div class=\"clearfix\"><img decoding=\"async\" src=\"https:\/\/firmarchi.com\/wp-content\/uploads\/2026\/03\/Notiavina.jpg?v=1772531930\" alt=\"\"><\/div>\n                <div class=\"mate-links\">\n                  <div class=\"brxy-table-container\">\n                    <div class=\"brxy-align-container\">\n                      <div class=\"brxy-moving-wrap\">\n                                            <\/div>\n                    <\/div>\n                  <\/div>\n                <\/div>\n              <\/div>\n              <div class=\"mate-info\">\n                <div class=\"mate-name\"><a>Notiavina<\/a><\/div><div class=\"mate-designation\">Dessinateur - Projeteur<\/div>              <\/div>\n            <\/div>\n          <\/div>\n                      <\/div> <!-- row -->\n        <\/div> <!-- wrap -->\n      <\/div> <!-- container -->\n    <\/div> <!-- team End -->\n    [\/vc_column][\/vc_row][vc_row][vc_column]<div class=\"brxy-request-quote \"><div class=\"container\"><div class=\"brxy-cta-cnt \" ><h3 class=\"brxy-title request-quote-title brxy-title-69f35905b47c3\">CONTACTEZ NOUS<\/h3>\n<\/div><div class=\"clearfix\"><a class=\"brxy-btn   brxy-btn-69f35905b47d3  brxy-btn-large \" href=\"http:\/\/firmarchi.com\/contact\/\">ICI<\/a><\/div><\/div><\/div>[\/vc_column][\/vc_row]<\/p>\n","protected":false},"excerpt":{"rendered":"[vc_row overlay_dotted=\u00a0\u00bb\u00a0\u00bb el_class=\u00a0\u00bbcontainer brxy-itroduction\u00a0\u00bb css=\u00a0\u00bb.vc_custom_1493947813808{padding-bottom: 100px !important;}\u00a0\u00bb][vc_column width=\u00a0\u00bb1\/2&Prime; css=\u00a0\u00bb.vc_custom_1494849202195{padding-left: 0px !important;}\u00a0\u00bb][vc_column_text]Fond\u00e9e par Fara H RAHOELIARIVAHY, Architecte DPLG, l\u2019agence FIRM&amp;ARCHITECTURE fait ses timides d\u00e9buts en 2001 dans la ville d\u2019 Antananarivo dont la majorit\u00e9 des habitants ignore le m\u00e9tier d\u2019architecte. Les Ma\u00eetres d\u2019Ouvrages font la fine bouche et le combat de se faire valoir commence. F&amp;A&#8230;","protected":false},"author":1,"featured_media":0,"parent":0,"menu_order":0,"comment_status":"closed","ping_status":"closed","template":"","meta":{"footnotes":""},"class_list":["post-50","page","type-page","status-publish","hentry"],"yoast_head":"<!-- This site is optimized with the Yoast SEO plugin v27.5 - https:\/\/yoast.com\/product\/yoast-seo-wordpress\/ -->\n<title>A PROPOS DE L&#039;AGENCE - FIRM &amp; ARCHITECTURE<\/title>\n<meta name=\"robots\" content=\"index, follow, max-snippet:-1, max-image-preview:large, max-video-preview:-1\" \/>\n<link rel=\"canonical\" href=\"https:\/\/firmarchi.com\/?page_id=50\" \/>\n<meta property=\"og:locale\" content=\"fr_FR\" \/>\n<meta property=\"og:type\" content=\"article\" \/>\n<meta property=\"og:title\" content=\"A PROPOS DE L&#039;AGENCE - FIRM &amp; ARCHITECTURE\" \/>\n<meta property=\"og:description\" content=\"[vc_row overlay_dotted=\u00a0\u00bb\u00a0\u00bb el_class=\u00a0\u00bbcontainer brxy-itroduction\u00a0\u00bb css=\u00a0\u00bb.vc_custom_1493947813808{padding-bottom: 100px !important;}\u00a0\u00bb][vc_column width=\u00a0\u00bb1\/2&Prime; css=\u00a0\u00bb.vc_custom_1494849202195{padding-left: 0px !important;}\u00a0\u00bb][vc_column_text]Fond\u00e9e par Fara H RAHOELIARIVAHY, Architecte DPLG, l\u2019agence FIRM&amp;ARCHITECTURE fait ses timides d\u00e9buts en 2001 dans la ville d\u2019 Antananarivo dont la majorit\u00e9 des habitants ignore le m\u00e9tier d\u2019architecte. Les Ma\u00eetres d\u2019Ouvrages font la fine bouche et le combat de se faire valoir commence. F&amp;A...\" \/>\n<meta property=\"og:url\" content=\"https:\/\/firmarchi.com\/?page_id=50\" \/>\n<meta property=\"og:site_name\" content=\"FIRM &amp; ARCHITECTURE\" \/>\n<meta property=\"article:publisher\" content=\"https:\/\/www.facebook.com\/Firm-Architecture-104715414645946\/\" \/>\n<meta property=\"article:modified_time\" content=\"2026-03-03T10:12:38+00:00\" \/>\n<meta name=\"twitter:card\" content=\"summary_large_image\" \/>\n<meta name=\"twitter:label1\" content=\"Dur\u00e9e de lecture estim\u00e9e\" \/>\n\t<meta name=\"twitter:data1\" content=\"2 minutes\" \/>\n<script type=\"application\/ld+json\" class=\"yoast-schema-graph\">{\"@context\":\"https:\\\/\\\/schema.org\",\"@graph\":[{\"@type\":\"WebPage\",\"@id\":\"https:\\\/\\\/firmarchi.com\\\/?page_id=50\",\"url\":\"https:\\\/\\\/firmarchi.com\\\/?page_id=50\",\"name\":\"A PROPOS DE L'AGENCE - FIRM &amp; ARCHITECTURE\",\"isPartOf\":{\"@id\":\"https:\\\/\\\/firmarchi.com\\\/#website\"},\"datePublished\":\"2017-05-02T16:00:17+00:00\",\"dateModified\":\"2026-03-03T10:12:38+00:00\",\"breadcrumb\":{\"@id\":\"https:\\\/\\\/firmarchi.com\\\/?page_id=50#breadcrumb\"},\"inLanguage\":\"fr-FR\",\"potentialAction\":[{\"@type\":\"ReadAction\",\"target\":[\"https:\\\/\\\/firmarchi.com\\\/?page_id=50\"]}]},{\"@type\":\"BreadcrumbList\",\"@id\":\"https:\\\/\\\/firmarchi.com\\\/?page_id=50#breadcrumb\",\"itemListElement\":[{\"@type\":\"ListItem\",\"position\":1,\"name\":\"Accueil\",\"item\":\"https:\\\/\\\/firmarchi.com\\\/\"},{\"@type\":\"ListItem\",\"position\":2,\"name\":\"A propos\"}]},{\"@type\":\"WebSite\",\"@id\":\"https:\\\/\\\/firmarchi.com\\\/#website\",\"url\":\"https:\\\/\\\/firmarchi.com\\\/\",\"name\":\"Firm & Architecture\",\"description\":\"\",\"publisher\":{\"@id\":\"https:\\\/\\\/firmarchi.com\\\/#organization\"},\"potentialAction\":[{\"@type\":\"SearchAction\",\"target\":{\"@type\":\"EntryPoint\",\"urlTemplate\":\"https:\\\/\\\/firmarchi.com\\\/?s={search_term_string}\"},\"query-input\":{\"@type\":\"PropertyValueSpecification\",\"valueRequired\":true,\"valueName\":\"search_term_string\"}}],\"inLanguage\":\"fr-FR\"},{\"@type\":\"Organization\",\"@id\":\"https:\\\/\\\/firmarchi.com\\\/#organization\",\"name\":\"Firm & Architecture\",\"url\":\"https:\\\/\\\/firmarchi.com\\\/\",\"logo\":{\"@type\":\"ImageObject\",\"inLanguage\":\"fr-FR\",\"@id\":\"https:\\\/\\\/firmarchi.com\\\/#\\\/schema\\\/logo\\\/image\\\/\",\"url\":\"https:\\\/\\\/firmarchi.com\\\/wp-content\\\/uploads\\\/2020\\\/07\\\/logo-firm.archi_-1.jpg\",\"contentUrl\":\"https:\\\/\\\/firmarchi.com\\\/wp-content\\\/uploads\\\/2020\\\/07\\\/logo-firm.archi_-1.jpg\",\"width\":150,\"height\":124,\"caption\":\"Firm & Architecture\"},\"image\":{\"@id\":\"https:\\\/\\\/firmarchi.com\\\/#\\\/schema\\\/logo\\\/image\\\/\"},\"sameAs\":[\"https:\\\/\\\/www.facebook.com\\\/Firm-Architecture-104715414645946\\\/\",\"https:\\\/\\\/www.instagram.com\\\/firm.architecture\\\/?hl=fr\",\"https:\\\/\\\/www.linkedin.com\\\/company\\\/firm-architecture\\\/\",\"https:\\\/\\\/www.youtube.com\\\/watch?v=xtZ-zn-a8tw\"]}]}<\/script>\n<!-- \/ Yoast SEO plugin. -->","yoast_head_json":{"title":"A PROPOS DE L'AGENCE - FIRM &amp; ARCHITECTURE","robots":{"index":"index","follow":"follow","max-snippet":"max-snippet:-1","max-image-preview":"max-image-preview:large","max-video-preview":"max-video-preview:-1"},"canonical":"https:\/\/firmarchi.com\/?page_id=50","og_locale":"fr_FR","og_type":"article","og_title":"A PROPOS DE L'AGENCE - FIRM &amp; ARCHITECTURE","og_description":"[vc_row overlay_dotted=\u00a0\u00bb\u00a0\u00bb el_class=\u00a0\u00bbcontainer brxy-itroduction\u00a0\u00bb css=\u00a0\u00bb.vc_custom_1493947813808{padding-bottom: 100px !important;}\u00a0\u00bb][vc_column width=\u00a0\u00bb1\/2&Prime; css=\u00a0\u00bb.vc_custom_1494849202195{padding-left: 0px !important;}\u00a0\u00bb][vc_column_text]Fond\u00e9e par Fara H RAHOELIARIVAHY, Architecte DPLG, l\u2019agence FIRM&amp;ARCHITECTURE fait ses timides d\u00e9buts en 2001 dans la ville d\u2019 Antananarivo dont la majorit\u00e9 des habitants ignore le m\u00e9tier d\u2019architecte. Les Ma\u00eetres d\u2019Ouvrages font la fine bouche et le combat de se faire valoir commence. F&amp;A...","og_url":"https:\/\/firmarchi.com\/?page_id=50","og_site_name":"FIRM &amp; ARCHITECTURE","article_publisher":"https:\/\/www.facebook.com\/Firm-Architecture-104715414645946\/","article_modified_time":"2026-03-03T10:12:38+00:00","twitter_card":"summary_large_image","twitter_misc":{"Dur\u00e9e de lecture estim\u00e9e":"2 minutes"},"schema":{"@context":"https:\/\/schema.org","@graph":[{"@type":"WebPage","@id":"https:\/\/firmarchi.com\/?page_id=50","url":"https:\/\/firmarchi.com\/?page_id=50","name":"A PROPOS DE L'AGENCE - FIRM &amp; ARCHITECTURE","isPartOf":{"@id":"https:\/\/firmarchi.com\/#website"},"datePublished":"2017-05-02T16:00:17+00:00","dateModified":"2026-03-03T10:12:38+00:00","breadcrumb":{"@id":"https:\/\/firmarchi.com\/?page_id=50#breadcrumb"},"inLanguage":"fr-FR","potentialAction":[{"@type":"ReadAction","target":["https:\/\/firmarchi.com\/?page_id=50"]}]},{"@type":"BreadcrumbList","@id":"https:\/\/firmarchi.com\/?page_id=50#breadcrumb","itemListElement":[{"@type":"ListItem","position":1,"name":"Accueil","item":"https:\/\/firmarchi.com\/"},{"@type":"ListItem","position":2,"name":"A propos"}]},{"@type":"WebSite","@id":"https:\/\/firmarchi.com\/#website","url":"https:\/\/firmarchi.com\/","name":"Firm & Architecture","description":"","publisher":{"@id":"https:\/\/firmarchi.com\/#organization"},"potentialAction":[{"@type":"SearchAction","target":{"@type":"EntryPoint","urlTemplate":"https:\/\/firmarchi.com\/?s={search_term_string}"},"query-input":{"@type":"PropertyValueSpecification","valueRequired":true,"valueName":"search_term_string"}}],"inLanguage":"fr-FR"},{"@type":"Organization","@id":"https:\/\/firmarchi.com\/#organization","name":"Firm & Architecture","url":"https:\/\/firmarchi.com\/","logo":{"@type":"ImageObject","inLanguage":"fr-FR","@id":"https:\/\/firmarchi.com\/#\/schema\/logo\/image\/","url":"https:\/\/firmarchi.com\/wp-content\/uploads\/2020\/07\/logo-firm.archi_-1.jpg","contentUrl":"https:\/\/firmarchi.com\/wp-content\/uploads\/2020\/07\/logo-firm.archi_-1.jpg","width":150,"height":124,"caption":"Firm & Architecture"},"image":{"@id":"https:\/\/firmarchi.com\/#\/schema\/logo\/image\/"},"sameAs":["https:\/\/www.facebook.com\/Firm-Architecture-104715414645946\/","https:\/\/www.instagram.com\/firm.architecture\/?hl=fr","https:\/\/www.linkedin.com\/company\/firm-architecture\/","https:\/\/www.youtube.com\/watch?v=xtZ-zn-a8tw"]}]}},"_links":{"self":[{"href":"https:\/\/firmarchi.com\/index.php?rest_route=\/wp\/v2\/pages\/50","targetHints":{"allow":["GET"]}}],"collection":[{"href":"https:\/\/firmarchi.com\/index.php?rest_route=\/wp\/v2\/pages"}],"about":[{"href":"https:\/\/firmarchi.com\/index.php?rest_route=\/wp\/v2\/types\/page"}],"author":[{"embeddable":true,"href":"https:\/\/firmarchi.com\/index.php?rest_route=\/wp\/v2\/users\/1"}],"replies":[{"embeddable":true,"href":"https:\/\/firmarchi.com\/index.php?rest_route=%2Fwp%2Fv2%2Fcomments&post=50"}],"version-history":[{"count":0,"href":"https:\/\/firmarchi.com\/index.php?rest_route=\/wp\/v2\/pages\/50\/revisions"}],"wp:attachment":[{"href":"https:\/\/firmarchi.com\/index.php?rest_route=%2Fwp%2Fv2%2Fmedia&parent=50"}],"curies":[{"name":"wp","href":"https:\/\/api.w.org\/{rel}","templated":true}]}}